{"id":1936,"date":"2024-04-18T19:16:44","date_gmt":"2024-04-18T17:16:44","guid":{"rendered":"https:\/\/cardland.net\/?page_id=1936"},"modified":"2024-04-20T21:25:39","modified_gmt":"2024-04-20T19:25:39","slug":"szerzodesi-feltetelek","status":"publish","type":"page","link":"https:\/\/cardland.net\/index.php\/szerzodesi-feltetelek\/","title":{"rendered":"Szerz\u0151d\u00e9si felt\u00e9telek"},"content":{"rendered":"\n<p class=\"has-medium-font-size\"><strong><em>Sz\u00e1ll\u00edt\u00e1si m\u00f3dok v\u00e1ltoz\u00e1sa:<\/em><\/strong><\/p>\n\n\n\n<p>&#8220;A korm\u00e1nyrendelet \u00e9rtelm\u00e9ben <strong>2024. m\u00e1rcius 28<\/strong>-t\u00f3l minden olyan webshopnak, amely Magyarorsz\u00e1g ter\u00fclet\u00e9re \u00e9rt\u00e9kes\u00edt, <strong>k\u00f6telez\u0151 lesz weboldal\u00e1n v\u00e1laszt\u00e1si lehet\u0151s\u00e9gk\u00e9nt megjelen\u00edtenie a Magyar Posta Zrt.<\/strong> \u00e1ltal k\u00edn\u00e1lt postai k\u00e9zbes\u00edt\u00e9si szolg\u00e1ltat\u00e1st a term\u00e9kei sz\u00e1ll\u00edt\u00e1s\u00e1ra. A rendelet nem ad kiz\u00e1r\u00f3lagos jogokat a Magyar Post\u00e1nak, a webshopok tov\u00e1bbra is szabadon v\u00e1laszthatnak \u00e9s szerz\u0151dhetnek m\u00e1s k\u00e9zbes\u00edt\u00e9si szolg\u00e1ltat\u00f3kkal is, \u00e9s ezeket a lehet\u0151s\u00e9geket felt\u00fcntethetik honlapjukon.<\/p>\n\n\n\n<p>A Magyar Posta Zrt. az egyedi vagy \u00e1ltal\u00e1nos szerz\u0151d\u00e9si felt\u00e9telekben r\u00f6gz\u00edtett \u00e1rak alapj\u00e1n k\u00edn\u00e1lja postai k\u00e9zbes\u00edt\u00e9si szolg\u00e1ltat\u00e1sait a webshopok r\u00e9sz\u00e9re. Amennyiben nincs k\u00fcl\u00f6n rendelkez\u00e9s, a web\u00e1ruh\u00e1zaknak az al\u00e1bbi \u00e1rakat kell felt\u00fcntetni\u00fck:<\/p>\n\n\n\n<ul class=\"wp-block-list\">\n<li>Csomagautomat\u00e1ba, Posta Pontra vagy post\u00e1ra k\u00e9zbes\u00edtve: brutt\u00f3 990 Ft\/db<\/li>\n\n\n\n<li>H\u00e1zn\u00e1l t\u00f6rt\u00e9n\u0151 k\u00e9zbes\u00edt\u00e9s eset\u00e9n: 0-10 kg-ig brutt\u00f3 1990 Ft\/db<\/li>\n\n\n\n<li>H\u00e1zn\u00e1l t\u00f6rt\u00e9n\u0151 k\u00e9zbes\u00edt\u00e9s eset\u00e9n: 10-20 kg-ig brutt\u00f3 2990 Ft\/db<\/li>\n\n\n\n<li>H\u00e1zn\u00e1l t\u00f6rt\u00e9n\u0151 k\u00e9zbes\u00edt\u00e9s eset\u00e9n: 20-40 kg-ig brutt\u00f3 5990 Ft\/db<\/li>\n<\/ul>\n\n\n\n<p>Ha a webshop \u00fczemeltet\u0151je a posta \u00e1ltal\u00e1nos szerz\u0151d\u00e9si felt\u00e9teleit v\u00e1lasztja, akkor a post\u00e1nak nem \u00e1ll m\u00f3dj\u00e1ban a web\u00e1ruh\u00e1z telephely\u00e9r\u0151l felvenni a v\u00e1s\u00e1rl\u00f3 \u00e1ltal rendelt term\u00e9ket. Ebben az esetben a web\u00e1ruh\u00e1z \u00fczemeltet\u0151j\u00e9nek kell gondoskodnia arr\u00f3l, hogy a megrendel\u00e9st eljuttassa a postai felv\u00e9teli pontra.<\/p>\n\n\n\n<p>A korm\u00e1nyrendelet alapj\u00e1n a fenti d\u00edjak ig\u00e9nybev\u00e9tel\u00e9hez web\u00e1ruh\u00e1zakat nem terheli szerz\u0151d\u00e9sk\u00f6t\u00e9si k\u00f6telezetts\u00e9g, elegend\u0151 ha a webshopok az al\u00e1bbi <a href=\"https:\/\/www.posta.hu\/webaruhazi_regisztracio\" target=\"_blank\" rel=\"noreferrer noopener\">\u0171rlap kit\u00f6lt\u00e9s\u00e9vel<\/a> regisztr\u00e1lnak \u00e9s a Magyar Posta postai k\u00e9zbes\u00edt\u00e9si szolg\u00e1ltat\u00e1sait a t\u00f6bbi szolg\u00e1ltat\u00f3hoz hasonl\u00f3an megjelen\u00edtik weboldalukon.\u00a0&#8220;<\/p>\n\n\n\n<p class=\"has-medium-font-size\"><strong><em>Kata jogi v\u00e1ltoz\u00e1sa miatt:<\/em><\/strong><\/p>\n\n\n\n<p class=\"has-medium-font-size\">&#8220;2022 j\u00falius\u00e1ban az Orsz\u00e1ggy\u0171l\u00e9s a <em>2022. \u00e9vi XIII. t\u00f6rv\u00e9ny 26. \u00a7 e)<\/em> pontja \u00e9rtelm\u00e9ben 2022. szeptember 1-jei hat\u00e1llyal megsz\u00fcntette ezt az ad\u00f3nemet, hely\u00e9be a <a href=\"https:\/\/hu.wikipedia.org\/wiki\/Kisad%C3%B3z%C3%B3_v%C3%A1llalkoz%C3%B3k_t%C3%A9teles_ad%C3%B3ja\">kisad\u00f3z\u00f3 v\u00e1llalkoz\u00f3k t\u00e9teles ad\u00f3ja<\/a> (\u201e\u00faj\u201d kata) l\u00e9pett, amelyet kiz\u00e1r\u00f3lag mag\u00e1nszem\u00e9lyeknek sz\u00e1ml\u00e1z\u00f3, f\u0151\u00e1ll\u00e1s\u00fa egy\u00e9ni v\u00e1llalkoz\u00f3k v\u00e1laszthatnak, \u00edgy <a href=\"https:\/\/hu.wikipedia.org\/wiki\/Szabad%C3%BAsz%C3%B3\">szabad\u00fasz\u00f3k<\/a>, bet\u00e9ti t\u00e1rsas\u00e1gok, \u00e9s mell\u00e9k\u00e1ll\u00e1sban v\u00e1llalkoz\u00f3k nem.&#8221; (<a href=\"https:\/\/hu.wikipedia.org\/wiki\/Kisad%C3%B3z%C3%B3_v%C3%A1llalkoz%C3%A1sok_t%C3%A9teles_ad%C3%B3ja\">Forr\u00e1s<\/a>)<br>Sz\u00f3val Kat\u00e1sk\u00e9nt <strong>csak mag\u00e1nszem\u00e9lyeket szolg\u00e1lunk ki a &#8220;cardland.net&#8221; oldalon<\/strong>, c\u00e9gek s m\u00e1s szervezetek \u00fczleti megkeres\u00e9seit az \u00e1llami korl\u00e1toz\u00e1sok miatt nem \u00e1ll m\u00f3dunkban teljes\u00edteni. Mi teljesen meg\u00e9rtj\u00fck, hogy ez szembemegy az EU \u00e1ruk \u00e9s szolg\u00e1ltat\u00e1sok szabad mozg\u00e1s\u00e1nak elv\u00e9vel, de a szab\u00e1lyokat nem mi hoztuk (a 2022-es ad\u00f3\u00e9v k\u00f6zep\u00e9n), hanem a (\u00e1ll\u00edt\u00f3lag) helyi Kis \u00e9s K\u00f6z\u00e9pv\u00e1llalkoz\u00e1sokat &#8220;seg\u00edt\u0151&#8221; korm\u00e1ny, egyoldal\u00faan, mindenfajta el\u0151k\u00e9sz\u00edt\u00e9s, egyeztet\u00e9s n\u00e9lk\u00fcl&#8230;<br>Sz\u00e1ml\u00e1t is <strong>csak<\/strong> <strong>mag\u00e1nszem\u00e9ly<\/strong> nev\u00e9re \u00e1ll\u00edtunk ki a hat\u00e1lyos ad\u00f3szab\u00e1lyoknak megfelel\u0151en.<br><\/p>\n","protected":false},"excerpt":{"rendered":"<p>Sz\u00e1ll\u00edt\u00e1si m\u00f3dok v\u00e1ltoz\u00e1sa: &#8220;A korm\u00e1nyrendelet \u00e9rtelm\u00e9ben 2024. m\u00e1rcius 28-t\u00f3l minden olyan webshopnak, amely Magyarorsz\u00e1g ter\u00fclet\u00e9re \u00e9rt\u00e9kes\u00edt, k\u00f6telez\u0151 lesz weboldal\u00e1n v\u00e1laszt\u00e1si lehet\u0151s\u00e9gk\u00e9nt megjelen\u00edtenie a Magyar Posta Zrt. \u00e1ltal k\u00edn\u00e1lt postai k\u00e9zbes\u00edt\u00e9si szolg\u00e1ltat\u00e1st a term\u00e9kei sz\u00e1ll\u00edt\u00e1s\u00e1ra. A rendelet nem ad kiz\u00e1r\u00f3lagos jogokat a Magyar Post\u00e1nak, a webshopok tov\u00e1bbra is szabadon v\u00e1laszthatnak \u00e9s szerz\u0151dhetnek m\u00e1s k\u00e9zbes\u00edt\u00e9si szolg\u00e1ltat\u00f3kkal is, [&hellip;]<\/p>\n","protected":false},"author":2,"featured_media":0,"parent":0,"menu_order":0,"comment_status":"closed","ping_status":"closed","template":"","meta":{"site-sidebar-layout":"default","site-content-layout":"","ast-site-content-layout":"default","site-content-style":"default","site-sidebar-style":"default","ast-global-header-display":"","ast-banner-title-visibility":"","ast-main-header-display":"","ast-hfb-above-header-display":"","ast-hfb-below-header-display":"","ast-hfb-mobile-header-display":"","site-post-title":"","ast-breadcrumbs-content":"","ast-featured-img":"","footer-sml-layout":"","ast-disable-related-posts":"","theme-transparent-header-meta":"","adv-header-id-meta":"","stick-header-meta":"","header-above-stick-meta":"","header-main-stick-meta":"","header-below-stick-meta":"","astra-migrate-meta-layouts":"set","ast-page-background-enabled":"default","ast-page-background-meta":{"desktop":{"background-color":"","background-image":"","background-repeat":"repeat","background-position":"center center","background-size":"auto","background-attachment":"scroll","background-type":"","background-media":"","overlay-type":"","overlay-color":"","overlay-opacity":"","overlay-gradient":""},"tablet":{"background-color":"","background-image":"","background-repeat":"repeat","background-position":"center center","background-size":"auto","background-attachment":"scroll","background-type":"","background-media":"","overlay-type":"","overlay-color":"","overlay-opacity":"","overlay-gradient":""},"mobile":{"background-color":"","background-image":"","background-repeat":"repeat","background-position":"center center","background-size":"auto","background-attachment":"scroll","background-type":"","background-media":"","overlay-type":"","overlay-color":"","overlay-opacity":"","overlay-gradient":""}},"ast-content-background-meta":{"desktop":{"background-color":"var(--ast-global-color-5)","background-image":"","background-repeat":"repeat","background-position":"center center","background-size":"auto","background-attachment":"scroll","background-type":"","background-media":"","overlay-type":"","overlay-color":"","overlay-opacity":"","overlay-gradient":""},"tablet":{"background-color":"var(--ast-global-color-5)","background-image":"","background-repeat":"repeat","background-position":"center center","background-size":"auto","background-attachment":"scroll","background-type":"","background-media":"","overlay-type":"","overlay-color":"","overlay-opacity":"","overlay-gradient":""},"mobile":{"background-color":"var(--ast-global-color-5)","background-image":"","background-repeat":"repeat","background-position":"center center","background-size":"auto","background-attachment":"scroll","background-type":"","background-media":"","overlay-type":"","overlay-color":"","overlay-opacity":"","overlay-gradient":""}},"footnotes":""},"class_list":["post-1936","page","type-page","status-publish","hentry"],"_links":{"self":[{"href":"https:\/\/cardland.net\/index.php\/wp-json\/wp\/v2\/pages\/1936","targetHints":{"allow":["GET"]}}],"collection":[{"href":"https:\/\/cardland.net\/index.php\/wp-json\/wp\/v2\/pages"}],"about":[{"href":"https:\/\/cardland.net\/index.php\/wp-json\/wp\/v2\/types\/page"}],"author":[{"embeddable":true,"href":"https:\/\/cardland.net\/index.php\/wp-json\/wp\/v2\/users\/2"}],"replies":[{"embeddable":true,"href":"https:\/\/cardland.net\/index.php\/wp-json\/wp\/v2\/comments?post=1936"}],"version-history":[{"count":4,"href":"https:\/\/cardland.net\/index.php\/wp-json\/wp\/v2\/pages\/1936\/revisions"}],"predecessor-version":[{"id":1953,"href":"https:\/\/cardland.net\/index.php\/wp-json\/wp\/v2\/pages\/1936\/revisions\/1953"}],"wp:attachment":[{"href":"https:\/\/cardland.net\/index.php\/wp-json\/wp\/v2\/media?parent=1936"}],"curies":[{"name":"wp","href":"https:\/\/api.w.org\/{rel}","templated":true}]}}